{"id":563,"date":"2015-03-23T09:40:14","date_gmt":"2015-03-23T09:40:14","guid":{"rendered":"http:\/\/localhost:8888\/wordpress\/?page_id=563"},"modified":"2024-08-25T12:11:21","modified_gmt":"2024-08-25T11:11:21","slug":"5x1000","status":"publish","type":"page","link":"https:\/\/www.canottiericavallini.it\/?page_id=563","title":{"rendered":"Dona il 5&#215;1000"},"content":{"rendered":"<h3 class=\"color_title_sostieni\" style=\"text-align: center;\">QUEST\u2019ANNO DESTINA IL TUO 5 x 1000<\/h3>\n<h3 class=\"color_title_sostieni\" style=\"text-align: center;\">ALLA \u201cCANOTTIERI CAVALLINI\u201d<\/h3>\n<p style=\"text-align: center;\">La legge finanziaria prevede la possibilit\u00e0 di destinare il 5 per mille delle tue imposte ad associazioni sportive dilettantistiche (ASD) riconosciute dal CONI, non \u00e8 una tassa in pi\u00f9, ma una quota di imposte a cui lo Stato rinuncia per destinarlo al sostegno delle attivit\u00e0 socialmente utili.<\/p>\n<p style=\"text-align: center;\">Indicalo al tuo CAAF o commercialista di fiducia al momento della compilazione della denuncia dei redditi. E\u2019 un gesto semplice ed assolutamente gratuito che aiuter\u00e0 a sostenere l\u2019attivit\u00e0 sportiva della nostra associazione e la diffusione dello sport del canottaggio.<\/p>\n<p style=\"text-align: center;\">Fai inserire il codice fiscale<\/p>\n<h3 style=\"text-align: center;\">90000440504<\/h3>\n<p>della \u201cSociet\u00e0 Canottieri Cavallini &#8211; ASD\u201d di Calcinaia nell\u2019apposito riquadro indicato sui modelli per la dichiarazione dei redditi<\/p>\n<h5 style=\"text-align: center;\">CUD, 730 e UNICO<\/h5>\n<p>e apponi la tua firma nella sezione:<\/p>\n<h5 style=\"text-align: center;\">\u201cSostegno alle associazioni sportive dilettantistiche riconosciute ai fini sportivi dal CONI a norma di legge, che svolgono una rilevante attivit\u00e0 di interesse sociale\u201d<\/h5>\n<h6 class=\"color_thanks_sostieni\" style=\"text-align: center;\">Siamo grati sin d\u2019ora per il tuo sostegno !!<\/h6>\n<h3 style=\"text-align: center;\"><strong>CONTRIBUTI ANNUALI DEL 5X1000 (ANNO FISCALE) EROGATI DALL&#8217; &#8220;UFFICIO SPORT DEL GOVERNO &#8221; ALLA NOSTRA ASSOCIAZIONE:<\/strong><\/h3>\n<h5>ANNO 2012:\u00a0 Euro 559,12<\/h5>\n<h5>ANNO 2013:\u00a0 Euro 1228,12<\/h5>\n<h5>ANNO 2014:\u00a0 Euro 1277,36<\/h5>\n<h5>ANNO 2015:\u00a0 Euro 1031,19<\/h5>\n<h5>ANNO 2016:\u00a0 Euro 1096,86<\/h5>\n<h5>ANNO 2017:\u00a0 Euro 1289,82<\/h5>\n<h5>ANNO 2018:\u00a0 Euro 1058,02<\/h5>\n<h5>ANNO 2019:\u00a0 Euro 904,18<\/h5>\n<h5>ANNO 2020:\u00a0 Euro 1134,11<\/h5>\n<h5>ANNO 2021:\u00a0 Euro 1285,57<\/h5>\n<h5>ANNO 2022:\u00a0 Euro 981,60<\/h5>\n<h5>ANNO 2023:\u00a0 Euro 1086,56<\/h5>\n","protected":false},"excerpt":{"rendered":"<p>QUEST\u2019ANNO DESTINA IL TUO 5 x 1000 ALLA \u201cCANOTTIERI CAVALLINI\u201d La legge finanziaria prevede la possibilit\u00e0 di destinare il 5 per mille delle tue imposte ad associazioni sportive dilettantistiche (ASD) riconosciute dal CONI, non \u00e8 una tassa in pi\u00f9, ma una quota di imposte a cui lo Stato rinuncia per destinarlo al sostegno delle attivit\u00e0 &hellip; <a href=\"https:\/\/www.canottiericavallini.it\/?page_id=563\" class=\"more-link\">Continua la lettura di <span class=\"screen-reader-text\">Dona il 5&#215;1000<\/span> <span class=\"meta-nav\">&rarr;<\/span><\/a><\/p>\n","protected":false},"author":2,"featured_media":0,"parent":0,"menu_order":0,"comment_status":"closed","ping_status":"closed","template":"","meta":[],"_links":{"self":[{"href":"https:\/\/www.canottiericavallini.it\/index.php?rest_route=\/wp\/v2\/pages\/563"}],"collection":[{"href":"https:\/\/www.canottiericavallini.it\/index.php?rest_route=\/wp\/v2\/pages"}],"about":[{"href":"https:\/\/www.canottiericavallini.it\/index.php?rest_route=\/wp\/v2\/types\/page"}],"author":[{"embeddable":true,"href":"https:\/\/www.canottiericavallini.it\/index.php?rest_route=\/wp\/v2\/users\/2"}],"replies":[{"embeddable":true,"href":"https:\/\/www.canottiericavallini.it\/index.php?rest_route=%2Fwp%2Fv2%2Fcomments&post=563"}],"version-history":[{"count":14,"href":"https:\/\/www.canottiericavallini.it\/index.php?rest_route=\/wp\/v2\/pages\/563\/revisions"}],"predecessor-version":[{"id":2994,"href":"https:\/\/www.canottiericavallini.it\/index.php?rest_route=\/wp\/v2\/pages\/563\/revisions\/2994"}],"wp:attachment":[{"href":"https:\/\/www.canottiericavallini.it\/index.php?rest_route=%2Fwp%2Fv2%2Fmedia&parent=563"}],"curies":[{"name":"wp","href":"https:\/\/api.w.org\/{rel}","templated":true}]}}